{"id":29750,"date":"2024-06-12T20:41:09","date_gmt":"2024-06-12T18:41:09","guid":{"rendered":"https:\/\/rheumahoengg.ch\/ev\/"},"modified":"2025-10-15T11:54:37","modified_gmt":"2025-10-15T09:54:37","slug":"ev","status":"publish","type":"page","link":"https:\/\/rheumahoengg.ch\/tr\/","title":{"rendered":"Ev"},"content":{"rendered":"\t\t<div data-elementor-type=\"wp-page\" data-elementor-id=\"29750\" class=\"elementor elementor-29750 elementor-28849\" data-elementor-post-type=\"page\">\n\t\t\t\t<div class=\"elementor-element elementor-element-7d07bfa1 e-con-full e-flex e-con e-parent\" data-id=\"7d07bfa1\" data-element_type=\"container\" data-e-type=\"container\" data-settings=\"{&quot;background_background&quot;:&quot;classic&quot;}\">\n\t\t<div class=\"elementor-element elementor-element-407fa56d e-con-full e-flex e-con e-child\" data-id=\"407fa56d\" data-element_type=\"container\" data-e-type=\"container\" data-settings=\"{&quot;background_background&quot;:&quot;classic&quot;}\">\n\t\t\t\t<div class=\"elementor-element elementor-element-35579419 elementor-widget elementor-widget-heading\" data-id=\"35579419\" data-element_type=\"widget\" data-e-type=\"widget\" data-widget_type=\"heading.default\">\n\t\t\t\t<div class=\"elementor-widget-container\">\n\t\t\t\t\t<h1 class=\"elementor-heading-title elementor-size-default\">Romatizma<br>Merkezi<br>H\u00f6ngg<\/h1>\t\t\t\t<\/div>\n\t\t\t\t<\/div>\n\t\t\t\t<\/div>\n\t\t<div class=\"elementor-element elementor-element-3684a2fc e-con-full elementor-hidden-tablet elementor-hidden-mobile e-flex e-con e-child\" data-id=\"3684a2fc\" data-element_type=\"container\" data-e-type=\"container\" data-settings=\"{&quot;background_background&quot;:&quot;classic&quot;}\">\n\t\t\t\t<\/div>\n\t\t\t\t<\/div>\n\t\t<div class=\"elementor-element elementor-element-40f72c80 e-con-full e-flex e-con e-parent\" data-id=\"40f72c80\" data-element_type=\"container\" data-e-type=\"container\" data-settings=\"{&quot;background_background&quot;:&quot;classic&quot;}\">\n\t\t<div class=\"elementor-element elementor-element-7e7b7197 e-con-full e-flex e-con e-child\" data-id=\"7e7b7197\" data-element_type=\"container\" data-e-type=\"container\">\n\t\t\t\t<div class=\"elementor-element elementor-element-62bc8f61 elementor-widget elementor-widget-image\" data-id=\"62bc8f61\" data-element_type=\"widget\" data-e-type=\"widget\" data-widget_type=\"image.default\">\n\t\t\t\t<div class=\"elementor-widget-container\">\n\t\t\t\t\t\t\t\t\t\t\t\t\t\t\t<img fetchpriority=\"high\" decoding=\"async\" width=\"1200\" height=\"1466\" src=\"https:\/\/rheumahoengg.ch\/wp-content\/uploads\/2024\/06\/noushin_5730.jpg\" class=\"attachment-full size-full wp-image-29642\" alt=\"\" srcset=\"https:\/\/rheumahoengg.ch\/wp-content\/uploads\/2024\/06\/noushin_5730.jpg 1200w, https:\/\/rheumahoengg.ch\/wp-content\/uploads\/2024\/06\/noushin_5730-246x300.jpg 246w, https:\/\/rheumahoengg.ch\/wp-content\/uploads\/2024\/06\/noushin_5730-838x1024.jpg 838w, https:\/\/rheumahoengg.ch\/wp-content\/uploads\/2024\/06\/noushin_5730-768x938.jpg 768w\" sizes=\"(max-width: 1200px) 100vw, 1200px\" \/>\t\t\t\t\t\t\t\t\t\t\t\t\t\t\t<\/div>\n\t\t\t\t<\/div>\n\t\t\t\t<\/div>\n\t\t<div class=\"elementor-element elementor-element-71dde2ae e-con-full e-flex e-con e-child\" data-id=\"71dde2ae\" data-element_type=\"container\" data-e-type=\"container\">\n\t\t\t\t<div class=\"elementor-element elementor-element-3da032e5 elementor-widget elementor-widget-heading\" data-id=\"3da032e5\" data-element_type=\"widget\" data-e-type=\"widget\" data-widget_type=\"heading.default\">\n\t\t\t\t<div class=\"elementor-widget-container\">\n\t\t\t\t\t<h1 class=\"elementor-heading-title elementor-size-default\">Romatoloji ve genel pratisyenlik<\/h1>\t\t\t\t<\/div>\n\t\t\t\t<\/div>\n\t\t\t\t<div class=\"elementor-element elementor-element-7a089a5 elementor-widget__width-initial elementor-widget-mobile__width-inherit elementor-widget elementor-widget-text-editor\" data-id=\"7a089a5\" data-element_type=\"widget\" data-e-type=\"widget\" data-widget_type=\"text-editor.default\">\n\t\t\t\t<div class=\"elementor-widget-container\">\n\t\t\t\t\t\t\t\t\t<p>Hem GP hem de <b>romatolojik<\/b> bak\u0131m i\u00e7in yeni hastalara (<b> GP<\/b> modeli olan\/olmayan) her zaman <b>kap\u0131m\u0131z<\/b> a\u00e7\u0131kt\u0131r.<\/p><p>M\u00fcmk\u00fcn olan en k\u0131sa s\u00fcrede randevu almak i\u00e7in bizimle ileti\u015fime ge\u00e7in veya sadece u\u011fray\u0131n.<\/p><p>Romatizma Merkezi H\u00f6ngg ekibiniz<\/p>\t\t\t\t\t\t\t\t<\/div>\n\t\t\t\t<\/div>\n\t\t\t\t<div class=\"elementor-element elementor-element-c8a3770 elementor-widget elementor-widget-heading\" data-id=\"c8a3770\" data-element_type=\"widget\" data-e-type=\"widget\" data-widget_type=\"heading.default\">\n\t\t\t\t<div class=\"elementor-widget-container\">\n\t\t\t\t\t<h1 class=\"elementor-heading-title elementor-size-default\">Dr. Noushin Mansourian<\/h1>\t\t\t\t<\/div>\n\t\t\t\t<\/div>\n\t\t\t\t<div class=\"elementor-element elementor-element-42dbacb elementor-widget__width-initial elementor-widget elementor-widget-text-editor\" data-id=\"42dbacb\" data-element_type=\"widget\" data-e-type=\"widget\" data-widget_type=\"text-editor.default\">\n\t\t\t\t<div class=\"elementor-widget-container\">\n\t\t\t\t\t\t\t\t\t<p><strong>Uzman FMH, Romatoloji<\/strong><\/p>\n<p>Yetkinlik sertifikalar\u0131: Ultrason kas-iskelet sistemi, SGUM, uygulama laboratuvar\u0131<\/p>\n<p>DillerAlmanca, \u0130ngilizce, T\u00fcrk\u00e7e, Fars\u00e7a<\/p>\n<p><a href=\"https:\/\/rheumahoengg.ch\/wp-content\/uploads\/2024\/06\/cv_DrNMansourian.pdf\" target=\"_blank\" rel=\"noopener\">E\u011fitim yolu [PDF]<\/p>\t\t\t\t\t\t\t\t<\/div>\n\t\t\t\t<\/div>\n\t\t\t\t<\/div>\n\t\t\t\t<\/div>\n\t\t<div class=\"elementor-element elementor-element-4e2f793 e-con-full e-flex e-con e-parent\" data-id=\"4e2f793\" data-element_type=\"container\" data-e-type=\"container\" data-settings=\"{&quot;background_background&quot;:&quot;classic&quot;}\">\n\t\t<div class=\"elementor-element elementor-element-3fbdd9d e-con-full e-flex e-con e-child\" data-id=\"3fbdd9d\" data-element_type=\"container\" data-e-type=\"container\" data-settings=\"{&quot;background_background&quot;:&quot;classic&quot;}\">\n\t\t<div class=\"elementor-element elementor-element-c2200f3 e-con-full e-flex e-con e-child\" data-id=\"c2200f3\" data-element_type=\"container\" data-e-type=\"container\">\n\t\t\t\t<div class=\"elementor-element elementor-element-8df5346 elementor-widget elementor-widget-heading\" data-id=\"8df5346\" data-element_type=\"widget\" data-e-type=\"widget\" data-widget_type=\"heading.default\">\n\t\t\t\t<div class=\"elementor-widget-container\">\n\t\t\t\t\t<h3 class=\"elementor-heading-title elementor-size-default\">  Romatolojik kons\u00fcltasyon<\/h3>\t\t\t\t<\/div>\n\t\t\t\t<\/div>\n\t\t\t\t<div class=\"elementor-element elementor-element-b38fd7c elementor-widget elementor-widget-text-editor\" data-id=\"b38fd7c\" data-element_type=\"widget\" data-e-type=\"widget\" data-widget_type=\"text-editor.default\">\n\t\t\t\t<div class=\"elementor-widget-container\">\n\t\t\t\t\t\t\t\t\t<ul><li>Artrit, psoriatik artrit, gut, kollajenoz, spondilartrit gibi inflamatuar romatizmal hastal\u0131klar\u0131n ayd\u0131nlat\u0131lmas\u0131<\/li><li>Osteoartrit, lokalize ve jeneralize yumu\u015fak doku hastal\u0131klar\u0131, osteoporoz, <strong>fibromiyalji<\/strong> gibi inflamatuvar olmayan <strong>romatizmal<\/strong> hastal\u0131klar\u0131n ayd\u0131nlat\u0131lmas\u0131<\/li><li>Her t\u00fcrl\u00fc akut ve kronik a\u011fr\u0131 durumunun de\u011ferlendirilmesi ve tedavisi<\/li><\/ul>\t\t\t\t\t\t\t\t<\/div>\n\t\t\t\t<\/div>\n\t\t\t\t<\/div>\n\t\t<div class=\"elementor-element elementor-element-c5bfe5d e-con-full e-flex e-con e-child\" data-id=\"c5bfe5d\" data-element_type=\"container\" data-e-type=\"container\">\n\t\t\t\t<div class=\"elementor-element elementor-element-d80234c elementor-widget elementor-widget-heading\" data-id=\"d80234c\" data-element_type=\"widget\" data-e-type=\"widget\" data-widget_type=\"heading.default\">\n\t\t\t\t<div class=\"elementor-widget-container\">\n\t\t\t\t\t<h3 class=\"elementor-heading-title elementor-size-default\">Romatolojik hizmetler<\/h3>\t\t\t\t<\/div>\n\t\t\t\t<\/div>\n\t\t\t\t<div class=\"elementor-element elementor-element-424955c elementor-widget elementor-widget-text-editor\" data-id=\"424955c\" data-element_type=\"widget\" data-e-type=\"widget\" data-widget_type=\"text-editor.default\">\n\t\t\t\t<div class=\"elementor-widget-container\">\n\t\t\t\t\t\t\t\t\t<ul><li><b>  ultrason kontroll\u00fc:<\/b><\/li><li>Yumu\u015fak dokularda ve eklemlerde delinme ve infiltrasyon<\/li><li>Faset eklem infiltrasyonu<\/li><li>\u0130kinci g\u00f6r\u00fc\u015flerin verilmesi<\/li><li>Acil laboratuvar te\u015fhisleri ve noktasal analizler<\/li><li>Eklemler, tendonlar, fasya, sa\u00e7 d\u00f6k\u00fclmesi, cilt i\u00e7in otolog kan tedavisi (PrP)<\/li><li>Hyaluronan infiltrasyonu<\/li><li>Fibromiyalji hastalar\u0131 i\u00e7in a\u011fr\u0131 tedavisi (infiltrasyon, inf\u00fczyon)<\/li><li>Osteoproz tedavisi (inf\u00fczyon, enjeksiyon)<\/li><\/ul>\t\t\t\t\t\t\t\t<\/div>\n\t\t\t\t<\/div>\n\t\t\t\t<\/div>\n\t\t\t\t<\/div>\n\t\t\t\t<\/div>\n\t\t<div class=\"elementor-element elementor-element-c98a639 e-con-full e-flex e-con e-parent\" data-id=\"c98a639\" data-element_type=\"container\" data-e-type=\"container\" data-settings=\"{&quot;background_background&quot;:&quot;classic&quot;}\">\n\t\t<div class=\"elementor-element elementor-element-011d59e e-con-full e-flex e-con e-child\" data-id=\"011d59e\" data-element_type=\"container\" data-e-type=\"container\" data-settings=\"{&quot;background_background&quot;:&quot;classic&quot;}\">\n\t\t<div class=\"elementor-element elementor-element-036cc82 e-con-full e-flex e-con e-child\" data-id=\"036cc82\" data-element_type=\"container\" data-e-type=\"container\">\n\t\t\t\t<div class=\"elementor-element elementor-element-0e8815b elementor-widget elementor-widget-heading\" data-id=\"0e8815b\" data-element_type=\"widget\" data-e-type=\"widget\" data-widget_type=\"heading.default\">\n\t\t\t\t<div class=\"elementor-widget-container\">\n\t\t\t\t\t<h3 class=\"elementor-heading-title elementor-size-default\">Pratisyen hekim hizmetleri<\/h3>\t\t\t\t<\/div>\n\t\t\t\t<\/div>\n\t\t\t\t<div class=\"elementor-element elementor-element-1c6f46d elementor-widget elementor-widget-text-editor\" data-id=\"1c6f46d\" data-element_type=\"widget\" data-e-type=\"widget\" data-widget_type=\"text-editor.default\">\n\t\t\t\t<div class=\"elementor-widget-container\">\n\t\t\t\t\t\t\t\t\t<ul>\t<li>Kan bas\u0131nc\u0131 ayar\u0131<\/li>\n \t<li>Diyabet kontrol\u00fc ve uyumu<\/li>\n \t<li>Y\u0131ll\u0131k sa\u011fl\u0131k de\u011ferlendirmesi veya check-up<\/li>\n \t<li>Operasyon \u00f6ncesi ve sonras\u0131 a\u00e7\u0131klamalar<\/li>\n \t<li>A\u015f\u0131lama dan\u0131\u015fmanl\u0131\u011f\u0131<\/li>\n \t<li>\u0130nf\u00fczyonlar (demir, vitaminler)<\/li>\n<\/ul>\t\t\t\t\t\t\t\t<\/div>\n\t\t\t\t<\/div>\n\t\t\t\t<\/div>\n\t\t<div class=\"elementor-element elementor-element-a5971a2 e-con-full e-flex e-con e-child\" data-id=\"a5971a2\" data-element_type=\"container\" data-e-type=\"container\">\n\t\t\t\t<div class=\"elementor-element elementor-element-732ea6b elementor-widget elementor-widget-heading\" data-id=\"732ea6b\" data-element_type=\"widget\" data-e-type=\"widget\" data-widget_type=\"heading.default\">\n\t\t\t\t<div class=\"elementor-widget-container\">\n\t\t\t\t\t<h3 class=\"elementor-heading-title elementor-size-default\">Uygulama altyap\u0131s\u0131<\/h3>\t\t\t\t<\/div>\n\t\t\t\t<\/div>\n\t\t\t\t<div class=\"elementor-element elementor-element-ab2174a elementor-widget elementor-widget-text-editor\" data-id=\"ab2174a\" data-element_type=\"widget\" data-e-type=\"widget\" data-widget_type=\"text-editor.default\">\n\t\t\t\t<div class=\"elementor-widget-container\">\n\t\t\t\t\t\t\t\t\t<ul>\n \t<li>Ultrason<\/li>\n \t<li>Laboratuvar<\/li>\n \t<li>EKG<\/li>\n \t<li>Kurum i\u00e7i fizyoterapi<\/li>\n<\/ul>\t\t\t\t\t\t\t\t<\/div>\n\t\t\t\t<\/div>\n\t\t\t\t<\/div>\n\t\t\t\t<\/div>\n\t\t\t\t<\/div>\n\t\t<div class=\"elementor-element elementor-element-77babbb5 e-con-full e-flex e-con e-parent\" data-id=\"77babbb5\" data-element_type=\"container\" data-e-type=\"container\" data-settings=\"{&quot;background_background&quot;:&quot;classic&quot;}\">\n\t\t<div class=\"elementor-element elementor-element-3c1622de e-flex e-con-boxed e-con e-child\" data-id=\"3c1622de\" data-element_type=\"container\" data-e-type=\"container\" data-settings=\"{&quot;background_background&quot;:&quot;classic&quot;}\">\n\t\t\t\t\t<div class=\"e-con-inner\">\n\t\t\t\t<div class=\"elementor-element elementor-element-68c8ea58 elementor-widget elementor-widget-heading\" data-id=\"68c8ea58\" data-element_type=\"widget\" data-e-type=\"widget\" data-widget_type=\"heading.default\">\n\t\t\t\t<div class=\"elementor-widget-container\">\n\t\t\t\t\t<h2 class=\"elementor-heading-title elementor-size-default\">Beklemeye de\u011fmez! Randevu al\u0131n.<\/h2>\t\t\t\t<\/div>\n\t\t\t\t<\/div>\n\t\t\t\t<div class=\"elementor-element elementor-element-9c07e48 elementor-widget elementor-widget-html\" data-id=\"9c07e48\" data-element_type=\"widget\" data-e-type=\"widget\" data-widget_type=\"html.default\">\n\t\t\t\t<div class=\"elementor-widget-container\">\n\t\t\t\t\t<script>var widgetConfigs=widgetConfigs||{};widgetConfigs[\"8c051f2fd5987bd876cbd3af74766df857c82b482e08c98cee7bed536542e19f\"]={},widgetConfigs[\"8c051f2fd5987bd876cbd3af74766df857c82b482e08c98cee7bed536542e19f\"].measurementIds=[],widgetConfigs[\"8c051f2fd5987bd876cbd3af74766df857c82b482e08c98cee7bed536542e19f\"].hasGoogleTagTracking=!1,widgetConfigs[\"8c051f2fd5987bd876cbd3af74766df857c82b482e08c98cee7bed536542e19f\"].hasFusedeck=!1,window.addEventListener(\"message\",(function(e){var t=e.data[\"od-widget-id\"],i=e.data[\"od-widget-height\"],d=e.data[\"od-widget-ios\"];if(t&&t in widgetConfigs&&\"8c051f2fd5987bd876cbd3af74766df857c82b482e08c98cee7bed536542e19f\"===t){var a=document.getElementById(\"od-widget-\"+t);i&&(a.style.height=i+\"px\"),!0===d&&(a.style.width=\"100px\",a.style[\"min-width\"]=\"100%\",a.scrolling=\"no\");var g=e.data[\"od-tracking-configs\"];void 0!==g&&(widgetConfigs[t].measurementIds=g);var o=e.data[\"od-has-google-tag-manager\"];void 0!==o&&(widgetConfigs[t].hasGoogleTagTracking=o);var f=e.data[\"od-has-fusedeck\"];void 0!==f&&(widgetConfigs[t].hasFusedeck=f);var n=e.data.GA4;if(widgetConfigs[t].hasGoogleTagTracking&&window.dataLayer&&n){var s=Object.keys(n.properties),r={event:n.name};s.forEach((function(e){r[e]=n.properties[e]})),dataLayer.push(r)}if(widgetConfigs[t].hasFusedeck&&window.fdData&&n){var s=Object.keys(n.properties),r={event:n.name};s.forEach((function(e){r[e]=n.properties[e]})),fdData.push(r)}if(n&&void 0!==window.gtag)for(var w=0;w<widgetConfigs[t].measurementIds.length;w++){var f=widgetConfigs[t].measurementIds[w],c=(s=Object.keys(n.properties),{send_to:f});s.forEach((function(e){c[e]=n.properties[e]})),gtag(\"event\",n.name,c)}}})),window.addEventListener(\"load\",(function(e){for(var t=document.querySelectorAll(\"iframe.od-widget\"),i=0;i<t.length;i++){var d=t[i];d.dataset&&d.dataset.src&&(d.src=d.dataset.src)}}));<\/script><iframe class=\"od-widget\" id=\"od-widget-8c051f2fd5987bd876cbd3af74766df857c82b482e08c98cee7bed536542e19f\" src=\"about:blank\" data-src=\"https:\/\/onedoc.ch\/tr\/widget\/8c051f2fd5987bd876cbd3af74766df857c82b482e08c98cee7bed536542e19f\" frameborder=\"0\" style=\"width:100%;max-width:1024px;height:400px\"><\/iframe>\t\t\t\t<\/div>\n\t\t\t\t<\/div>\n\t\t\t\t\t<\/div>\n\t\t\t\t<\/div>\n\t\t<div class=\"elementor-element elementor-element-1696892 elementor-hidden-mobile e-flex e-con-boxed e-con e-child\" data-id=\"1696892\" data-element_type=\"container\" data-e-type=\"container\" data-settings=\"{&quot;background_background&quot;:&quot;classic&quot;}\">\n\t\t\t\t\t<div class=\"e-con-inner\">\n\t\t\t\t\t<\/div>\n\t\t\t\t<\/div>\n\t\t\t\t<\/div>\n\t\t\t\t<\/div>\n\t\t","protected":false},"excerpt":{"rendered":"<p>RomatizmaMerkeziH\u00f6ngg Romatoloji ve genel pratisyenlik Hem GP hem de romatolojik bak\u0131m i\u00e7in yeni hastalara ( GP modeli olan\/olmayan) her zaman kap\u0131m\u0131z a\u00e7\u0131kt\u0131r. M\u00fcmk\u00fcn olan en k\u0131sa s\u00fcrede randevu almak i\u00e7in bizimle ileti\u015fime ge\u00e7in veya sadece u\u011fray\u0131n. Romatizma Merkezi H\u00f6ngg ekibiniz Dr. Noushin Mansourian Uzman FMH, Romatoloji Yetkinlik sertifikalar\u0131: Ultrason kas-iskelet sistemi, SGUM, uygulama laboratuvar\u0131 DillerAlmanca, [&hellip;]<\/p>\n","protected":false},"author":1,"featured_media":0,"parent":0,"menu_order":0,"comment_status":"closed","ping_status":"closed","template":"","meta":{"_seopress_robots_primary_cat":"","_seopress_titles_title":"","_seopress_titles_desc":"","_seopress_robots_index":"","footnotes":""},"class_list":["post-29750","page","type-page","status-publish","hentry"],"_links":{"self":[{"href":"https:\/\/rheumahoengg.ch\/tr\/wp-json\/wp\/v2\/pages\/29750","targetHints":{"allow":["GET"]}}],"collection":[{"href":"https:\/\/rheumahoengg.ch\/tr\/wp-json\/wp\/v2\/pages"}],"about":[{"href":"https:\/\/rheumahoengg.ch\/tr\/wp-json\/wp\/v2\/types\/page"}],"author":[{"embeddable":true,"href":"https:\/\/rheumahoengg.ch\/tr\/wp-json\/wp\/v2\/users\/1"}],"replies":[{"embeddable":true,"href":"https:\/\/rheumahoengg.ch\/tr\/wp-json\/wp\/v2\/comments?post=29750"}],"version-history":[{"count":11,"href":"https:\/\/rheumahoengg.ch\/tr\/wp-json\/wp\/v2\/pages\/29750\/revisions"}],"predecessor-version":[{"id":30115,"href":"https:\/\/rheumahoengg.ch\/tr\/wp-json\/wp\/v2\/pages\/29750\/revisions\/30115"}],"wp:attachment":[{"href":"https:\/\/rheumahoengg.ch\/tr\/wp-json\/wp\/v2\/media?parent=29750"}],"curies":[{"name":"wp","href":"https:\/\/api.w.org\/{rel}","templated":true}]}}