{"id":29768,"date":"2024-06-18T14:07:44","date_gmt":"2024-06-18T12:07:44","guid":{"rendered":"https:\/\/rheumahoengg.ch\/veri-koruma\/"},"modified":"2024-07-03T13:03:33","modified_gmt":"2024-07-03T11:03:33","slug":"veri-koruma","status":"publish","type":"page","link":"https:\/\/rheumahoengg.ch\/tr\/veri-koruma\/","title":{"rendered":"Veri koruma"},"content":{"rendered":"\t\t<div data-elementor-type=\"wp-page\" data-elementor-id=\"29768\" class=\"elementor elementor-29768 elementor-29050\" data-elementor-post-type=\"page\">\n\t\t\t\t<div class=\"elementor-element elementor-element-12346df0 e-con-full e-flex e-con e-parent\" data-id=\"12346df0\" data-element_type=\"container\" data-e-type=\"container\" data-settings=\"{&quot;background_background&quot;:&quot;classic&quot;}\">\n\t\t<div class=\"elementor-element elementor-element-11db4c57 e-flex e-con-boxed e-con e-child\" data-id=\"11db4c57\" data-element_type=\"container\" data-e-type=\"container\">\n\t\t\t\t\t<div class=\"e-con-inner\">\n\t\t\t\t<div class=\"elementor-element elementor-element-300f6602 elementor-widget elementor-widget-heading\" data-id=\"300f6602\" data-element_type=\"widget\" data-e-type=\"widget\" data-widget_type=\"heading.default\">\n\t\t\t\t<div class=\"elementor-widget-container\">\n\t\t\t\t\t<h2 class=\"elementor-heading-title elementor-size-default\">Gizlilik Politikas\u0131\n<\/h2>\t\t\t\t<\/div>\n\t\t\t\t<\/div>\n\t\t\t\t<div class=\"elementor-element elementor-element-20bb176 elementor-widget elementor-widget-html\" data-id=\"20bb176\" data-element_type=\"widget\" data-e-type=\"widget\" data-widget_type=\"html.default\">\n\t\t\t\t<div class=\"elementor-widget-container\">\n\t\t\t\t\t<style>.liste ol {\n      counter-reset: item;\n      list-style-type: none;\n      margin-left: 0;\n      padding-left: 0;\n      margin-bottom: 5px;\n    }\n\n    .liste li {\n      display: block;\n      margin-top: 10px;\n      margin-bottom: 10px;\n\n    }\n\n    .liste li:before {\n      content: counters(item, \".\") \" \";\n      counter-increment: item;\n    }\n    \n    .liste ol ol {\n        margin-left: 10px;\n    }\n    \n    .liste ol ol ol {\n        margin-left: 15px;\n    }\n<\/style>\t\t\t\t<\/div>\n\t\t\t\t<\/div>\n\t\t\t\t<div class=\"elementor-element elementor-element-76c5fb53 elementor-widget elementor-widget-text-editor\" data-id=\"76c5fb53\" data-element_type=\"widget\" data-e-type=\"widget\" data-widget_type=\"text-editor.default\">\n\t\t\t\t<div class=\"elementor-widget-container\">\n\t\t\t\t\t\t\t\t\t<div class=\"liste\">\n<p>Bu gizlilik politikas\u0131nda, web sitemizle ba\u011flant\u0131l\u0131 olarak ki\u015fisel verileri nas\u0131l toplad\u0131\u011f\u0131m\u0131z\u0131 ve i\u015fledi\u011fimizi a\u00e7\u0131kl\u0131yoruz. Ki\u015fisel veriler, kimli\u011fi belirli veya belirlenebilir bir ki\u015fiye ili\u015fkin t\u00fcm bilgilerdir.<\/p>\n<ol>\n<li><strong>Bu web sitesinin sorumlusu<\/strong><br \/>Noushin Mansourian<br \/>Limmattalstrasse 167<br \/>8049 Z\u00fcrih\n<p>E-posta adresi: <a href=\"mailto:n.mansourian@hin.ch\">n.mansourian@hin.ch<\/a><\/p>\n<p>Web sitesinin teknik olarak ger\u00e7ekle\u015ftirilmesi:<br \/><a href=\"https:\/\/samkrieg.ch\" target=\"_blank\" rel=\"noopener\"><a href=\"https:\/\/samkrieg.ch\">Sam Krieg<\/a><\/a><\/p>\n<\/li>\n<li><strong>Ki\u015fisel verilerinizin toplanmas\u0131 ve i\u015flenmesi<\/strong><br \/>Ki\u015fisel verileri \u00e7e\u015fitli \u015fekillerde topluyoruz. Bu, sorular\u0131n\u0131z\u0131 ve web sitemizi kullan\u0131m\u0131n\u0131z\u0131 i\u00e7erir.\n<ol>\n<li><strong>Sizin taraf\u0131n\u0131zdan sa\u011flanan bilgiler<\/strong><br \/>Ki\u015fisel verileri, \u00f6rne\u011fin bize bir e-posta g\u00f6nderdi\u011finizde veya ileti\u015fim formunu kullanarak bir talepte bulundu\u011funuzda toplar\u0131z. Sa\u011flad\u0131\u011f\u0131n\u0131z veriler taraf\u0131m\u0131zdan saklanacak ve ileti\u015fiminizi i\u015flemek i\u00e7in kullan\u0131lacakt\u0131r.<\/li>\n<li><strong>Web sitesini ziyaret ederken otomatik olarak toplanan bilgiler<\/strong><br \/>Web sitemizi ziyaret etti\u011finizde, belirli bilgiler otomatik olarak toplan\u0131r. Buna kullan\u0131lan taray\u0131c\u0131, i\u015fletim sistemi, ayarlar, sayfan\u0131n g\u00f6r\u00fcnt\u00fclendi\u011fi tarih ve saat, IP adresi, ziyaret edilen sayfalar ve g\u00f6r\u00fcnt\u00fclenen i\u00e7erik dahildir. Bu veriler, web sitemizi ziyaret etti\u011finiz anda otomatik olarak toplan\u0131r. Bu verileri web sitesinin i\u015flevselli\u011fini sa\u011flamak ve d\u00fczg\u00fcn ve g\u00fcvenli \u00e7al\u0131\u015fmas\u0131n\u0131 sa\u011flamak i\u00e7in kullan\u0131r\u0131z. Ayr\u0131ca, bu verileri istatistiksel olarak analiz ederek \u00f6rne\u011fin hangi sayfalara tercihli olarak eri\u015fildi\u011fini ve belirli zamanlarda trafi\u011fin ne kadar y\u00fcksek oldu\u011funu tespit ediyoruz. Analiz, bu verilerin do\u011frudan ki\u015fisel olarak size kadar izlenmesi m\u00fcmk\u00fcn olmaks\u0131z\u0131n toplu olarak ger\u00e7ekle\u015ftirilir. Bu \u015fekilde edindi\u011fimiz bilgileri web sitemizi ve tekliflerimizi iyile\u015ftirmek ve daha da geli\u015ftirmek i\u00e7in kullan\u0131yoruz.<\/li>\n<li><strong>Di\u011fer ama\u00e7lar<\/strong><br \/>Yukar\u0131da belirtilen ama\u00e7lara ek olarak, toplanan ki\u015fisel verileri yasal taleplerimizi uygulamak, yasal anla\u015fmazl\u0131klarda veya resmi i\u015flemlerde kendimizi savunmak ve cezai su\u00e7lar\u0131 veya hizmetlerimizin k\u00f6t\u00fcye kullan\u0131lmas\u0131n\u0131 \u00f6nlemek veya ara\u015ft\u0131rmak i\u00e7in kullanma hakk\u0131m\u0131z\u0131 da sakl\u0131 tutar\u0131z.<\/li>\n<\/ol>\n<\/li>\n<li><strong>\u00c7erezler, analiz ara\u00e7lar\u0131 ve di\u011fer teknolojiler<\/strong>\n<ol>\n<li><strong>Genel olarak \u00e7erezler<\/strong><br \/>Web sitemizde \u00e7erezler kullan\u0131yoruz. Bunlar, kullan\u0131c\u0131n\u0131n cihaz\u0131nda depolanan ve ziyaret\u00e7iler ve web sitemizin kullan\u0131m\u0131 hakk\u0131nda bilgi toplayan metin dosyalar\u0131d\u0131r. \u00c7erezler, kullan\u0131c\u0131y\u0131 tan\u0131may\u0131 m\u00fcmk\u00fcn k\u0131lar ve web sitemizi daha kullan\u0131c\u0131 dostu, etkili ve g\u00fcvenli hale getirmeye hizmet eder. Kulland\u0131\u011f\u0131m\u0131z \u00e7erezlerin \u00e7o\u011fu &#8220;oturum \u00e7erezleri&#8221; olarak adland\u0131r\u0131l\u0131r. Ziyaretinizin sonunda otomatik olarak silinirler. Di\u011fer \u00e7erezler siz onlar\u0131 silene kadar bilgisayar\u0131n\u0131zda kal\u0131r. Bu \u00e7erezler, bir sonraki ziyaretinizde taray\u0131c\u0131n\u0131z\u0131 tan\u0131mam\u0131z\u0131 sa\u011flar. Taray\u0131c\u0131 ayarlar\u0131n\u0131zda, \u00e7erezlerin ayarlanmas\u0131 hakk\u0131nda bilgilendirilmek isteyip istemedi\u011finizi, yaln\u0131zca belirli durumlarda \u00e7erezlere izin verip vermeyece\u011finizi, \u00e7erezleri genel olarak reddedip reddetmeyece\u011finizi veya taray\u0131c\u0131n\u0131z\u0131 kapatt\u0131\u011f\u0131n\u0131zda \u00e7erezlerin otomatik olarak silinmesini isteyip istemedi\u011finizi belirleyebilirsiniz. \u00c7erezleri devre d\u0131\u015f\u0131 b\u0131rak\u0131rsan\u0131z, bu web sitesinin i\u015flevselli\u011fi (\u00f6rne\u011fin dil se\u00e7imi, \u00e7erez banner&#8217;\u0131n\u0131n tekrar tekrar g\u00f6r\u00fcnt\u00fclenmesi) k\u0131s\u0131tlanabilir.<\/li>\n<li><strong>Analiz ara\u00e7lar\u0131<\/strong><br \/>Buna ek olarak, web sitesini kullan\u0131m\u0131n\u0131z\u0131 \u00f6l\u00e7mek ve analiz etmek ve kullan\u0131c\u0131 davran\u0131\u015f\u0131n\u0131 kaydetmek i\u00e7in \u00fc\u00e7\u00fcnc\u00fc taraf sa\u011flay\u0131c\u0131lar\u0131n \u00e7erezlerini ve analiz programlar\u0131n\u0131 kullan\u0131yoruz. Web sitesi ziyaret edildi\u011finde, web sitesinin ne zaman ve ne kadar s\u00fcreyle ziyaret edildi\u011fi, hangi sayfalara eri\u015fildi\u011fi, hangi i\u015flevlere t\u0131kland\u0131\u011f\u0131 ve hangi i\u00e7eri\u011fin g\u00f6r\u00fcnt\u00fclendi\u011fi hakk\u0131nda bilgi toplan\u0131r. Bu, web sitesinin nas\u0131l kullan\u0131ld\u0131\u011f\u0131n\u0131 daha iyi anlamam\u0131z\u0131 sa\u011flar. \u00dc\u00e7\u00fcnc\u00fc taraf programlar kullan\u0131c\u0131y\u0131 tan\u0131mlamak i\u00e7in \u00e7erezler, tan\u0131mlay\u0131c\u0131lar ve benzer teknolojiler kullan\u0131r. Bu \u00fc\u00e7\u00fcnc\u00fc taraflar\u0131n Web Sitesini kullan\u0131m\u0131n\u0131z\u0131 izlemesi, bu bilgileri bu \u00fc\u00e7\u00fcnc\u00fc taraflarca da izlenen di\u011fer web sitelerinden gelen bilgilerle birle\u015ftirmesi ve bu bilgileri kendi ama\u00e7lar\u0131 i\u00e7in kullanmas\u0131 m\u00fcmk\u00fcnd\u00fcr. Bu bilgileri sizinle ili\u015fkilendirmeleri de m\u00fcmk\u00fcnd\u00fcr. Bu \u00fc\u00e7\u00fcnc\u00fc taraf sa\u011flay\u0131c\u0131lar ki\u015fisel verilerinizin i\u015flenmesinden sorumludur ve onlar\u0131n veri koruma y\u00f6nergeleri ge\u00e7erlidir. \u00dc\u00e7\u00fcnc\u00fc taraf sa\u011flay\u0131c\u0131lardan gelen a\u015fa\u011f\u0131daki \u00e7erezler ve programlar web sitemize entegre edilmi\u015ftir:\n<ul>\n<li><strong>Matomo Analytics Matomo<\/strong>, kullan\u0131c\u0131lara ve web sitesi operat\u00f6rlerine verilerin kullan\u0131m\u0131 ve dolay\u0131s\u0131yla verilerin m\u00fclkiyeti \u00fczerinde kontrol\u00fc geri verme g\u00f6revini \u00fcstlenmi\u015ftir. Analiz edilen veriler kendi web bar\u0131nd\u0131rma sistemimizde saklanmaktad\u0131r. Bu, verilerin \u00fc\u00e7\u00fcnc\u00fc taraf sa\u011flay\u0131c\u0131lara ait olmad\u0131\u011f\u0131 ve \u00fc\u00e7\u00fcnc\u00fc taraflara aktar\u0131lmad\u0131\u011f\u0131 veya onlar taraf\u0131ndan g\u00f6r\u00fcnt\u00fclenmedi\u011fi anlam\u0131na gelir.<\/li>\n<\/ul>\n<p id=\"matomo_opted_out_intro\" style=\"display:none;\">Opt-out complete; your visits to this website will not be recorded by the Web Analytics tool. Note that if you clear your cookies, delete the opt-out cookie, or if you change computers or Web browsers, you will need to perform the opt-out procedure again.<\/p><p id=\"matomo_opted_in_intro\" >You may choose to prevent this website from aggregating and analyzing the actions you take here. Doing so will protect your privacy, but will also prevent the owner from learning from your actions and creating a better experience for you and other users.<\/p><form>\n        <input type=\"checkbox\" id=\"matomo_optout_checkbox\" checked=\"checked\"\/>\n        <label for=\"matomo_optout_checkbox\"><strong>\n        <span id=\"matomo_opted_in_label\" >You are not opted out. Uncheck this box to opt-out.<\/span>\n\t\t<span id=\"matomo_opted_out_label\" style=\"display:none;\">You are currently opted out. Check this box to opt-in.<\/span>\n        <\/strong><\/label><\/form><noscript><p><strong style=\"color: #ff0000;\">This opt out feature requires JavaScript.<\/strong><\/p><\/noscript><p id=\"matomo_outout_err_cookies\" style=\"display: none;\"><strong>The tracking opt-out feature requires cookies to be enabled.<\/strong><\/p>\n<\/li>\n<\/ol>\n<\/li>\n<li><strong>Ki\u015fisel verilerin if\u015fa edilmesi<\/strong><br \/>Web sitemizi ziyaret edenlerin hi\u00e7bir ki\u015fisel verisini aktarm\u0131yoruz. A\u015fa\u011f\u0131daki durumlar hari\u00e7 tutulmu\u015ftur:\n<ul>\n<li>BT altyap\u0131s\u0131 veya yaz\u0131l\u0131m sa\u011flanmas\u0131 gibi hizmetleri sa\u011flamak \u00fczere taraf\u0131m\u0131zca g\u00f6revlendirilen \u00fc\u00e7\u00fcnc\u00fc taraflara.<\/li>\n<li>Yasal olarak bunu yapmak zorunda olmam\u0131z veya \u00e7\u0131karlar\u0131m\u0131z\u0131 korumak i\u00e7in gerekli olmas\u0131 halinde, \u00f6rne\u011fin k\u00f6t\u00fcye kullan\u0131mla m\u00fccadele etmek veya haklar\u0131m\u0131z\u0131 uygulamak i\u00e7in yetkililere veya di\u011fer \u00fc\u00e7\u00fcnc\u00fc taraflara.<\/li>\n<li>Sizinle yap\u0131lan bir s\u00f6zle\u015fmenin yerine getirilmesi i\u00e7in gerekliyse, \u00f6rne\u011fin \u00f6deme i\u015flemleriyle g\u00f6revlendirilen \u00f6deme hizmeti sa\u011flay\u0131c\u0131s\u0131na.<\/li>\n<li>B\u00f6l\u00fcm 3&#8217;te a\u00e7\u0131klanan analiz ara\u00e7lar\u0131 ve \u00fc\u00e7\u00fcnc\u00fc taraf \u00e7erezleri ile ba\u011flant\u0131l\u0131 olarak.<\/li>\n<li>\u0130\u015fletmelerimizden, \u015firketlerimizden veya i\u015fimizin di\u011fer b\u00f6l\u00fcmlerinden herhangi birinin al\u0131c\u0131lar\u0131na veya muhtemel al\u0131c\u0131lar\u0131na veya i\u015fimizin, varl\u0131klar\u0131m\u0131z\u0131n veya bunlar\u0131n herhangi bir b\u00f6l\u00fcm\u00fcn\u00fcn yeniden d\u00fczenlenmesi, birle\u015fmesi, devri veya sat\u0131\u015f\u0131 ile ba\u011flant\u0131l\u0131 olarak.<\/li>\n<\/ul>\n<p>Verileriniz kesinlikle reklam amac\u0131yla aktar\u0131lmayacakt\u0131r. Web sitesi ve verileriniz \u0130svi\u00e7re&#8217;deki sunucularda bar\u0131nd\u0131r\u0131lmaktad\u0131r. Bu web sitesinden yurtd\u0131\u015f\u0131na \u015fifrelenmemi\u015f hi\u00e7bir veri aktarm\u0131yoruz.<\/p>\n<\/li>\n<li><strong>Depolama s\u00fcresi<\/strong><br \/>Ki\u015fisel verileri, toplanma amac\u0131n\u0131 yerine getirmek i\u00e7in gerekli oldu\u011fu s\u00fcrece saklar\u0131z. Daha sonra, \u00f6rne\u011fin yasal saklama ve belgeleme y\u00fck\u00fcml\u00fcl\u00fckleri nedeniyle veya kan\u0131tlar\u0131n korunmas\u0131 veya BT g\u00fcvenli\u011fi gibi me\u015fru menfaatlerimizin bir par\u00e7as\u0131 olarak istisnai durumlarda daha uzun s\u00fcre saklamam\u0131z gerekmedik\u00e7e, bunlar silinir veya anonim hale getirilir. Web sitemizin kullan\u0131m\u0131yla ilgili veriler, \u00f6rne\u011fin me\u015fru menfaatlerimizi korumak veya k\u00f6t\u00fcye kullan\u0131mla m\u00fccadele etmek i\u00e7in istisnai olarak bu s\u00fcrenin \u00f6tesinde ihtiya\u00e7 duymad\u0131\u011f\u0131m\u0131z s\u00fcrece, genellikle 12 ay sonra anonimle\u015ftirilir veya silinir.<\/li>\n<li><strong>Veri g\u00fcvenli\u011fi<\/strong><br \/>\u0130leti\u015fim formu arac\u0131l\u0131\u011f\u0131yla bize g\u00f6nderdi\u011finiz sipari\u015fler veya sorular gibi gizli bilgilerin g\u00fcvenli\u011fini ve korunmas\u0131n\u0131 sa\u011flamak i\u00e7in bu web sitesi SSL veya TLS \u015fifreleme kullan\u0131r. \u015eifrelenmi\u015f bir ba\u011flant\u0131y\u0131, taray\u0131c\u0131n\u0131z\u0131n adres sat\u0131r\u0131n\u0131n &#8220;http:\/\/&#8221; yerine &#8220;https:\/\/&#8221; olarak de\u011fi\u015fmesinden ve taray\u0131c\u0131 sat\u0131r\u0131nda bir kilit sembol\u00fcn\u00fcn g\u00f6r\u00fcnmesinden anlayabilirsiniz. SSL veya TLS \u015fifrelemesini etkinle\u015ftirerek, bize iletti\u011finiz veriler \u00fc\u00e7\u00fcnc\u00fc taraflarca g\u00f6r\u00fcnt\u00fclenemez. Bununla birlikte, \u0130nternet \u00fczerinden veri iletiminin (\u00f6rne\u011fin e-posta ile ileti\u015fim kurarken) g\u00fcvenlik a\u00e7\u0131klar\u0131 olabilece\u011fini belirtmek isteriz. Bu nedenle verilerin \u00fc\u00e7\u00fcnc\u00fc taraflar\u0131n eri\u015fimine kar\u015f\u0131 tam olarak korunmas\u0131 m\u00fcmk\u00fcn de\u011fildir.<\/li>\n<li><strong>Sizin haklar\u0131n\u0131z<\/strong><br \/>Verileri taraf\u0131m\u0131zca i\u015flenen ki\u015filer, y\u00fcr\u00fcrl\u00fckteki veri koruma yasalar\u0131na uygun olarak, ki\u015fisel verileri hakk\u0131nda bilgi edinme ve gerekirse d\u00fczeltilmesini veya silinmesini talep etme hakk\u0131na sahiptir. \u0130\u015flememiz izninize dayan\u0131yorsa, \u00f6nceki i\u015flemenin yasall\u0131\u011f\u0131n\u0131 etkilemeden bu izni istedi\u011finiz zaman geri \u00e7ekme hakk\u0131na sahipsiniz. Bu haklar\u0131 kullanmak i\u00e7in l\u00fctfen b\u00f6l\u00fcm 1&#8217;de belirtilen ileti\u015fim noktas\u0131yla ileti\u015fime ge\u00e7in. Ayr\u0131ca, veri sahipleri yetkili veri koruma makam\u0131na \u015fikayette bulunma hakk\u0131na sahiptir. \u0130svi\u00e7re&#8217;de yetkili veri koruma makam\u0131 Federal Veri Koruma ve Bilgi Komiserli\u011fidir (www.edoeb.admin.ch).<\/li>\n<li><strong>Bu gizlilik politikas\u0131ndaki ayarlamalar<\/strong><br \/>Bu gizlilik politikas\u0131 herhangi bir zamanda de\u011fi\u015ftirilebilir. L\u00fctfen bu beyan\u0131 d\u00fczenli olarak kontrol edin. <a href=\"https:\/\/www.fedlex.admin.ch\/eli\/cc\/2022\/491\/de\" target=\"_blank\" rel=\"noopener\">Federal Veri Koruma Yasas\u0131 (FADP)<\/a> bu gizlilik politikas\u0131n\u0131n temelini olu\u015fturur.<\/li>\n<\/ol>\n<p>Stat\u00fc: 12 Haziran 2024<\/p>\n<\/div>\n\t\t\t\t\t\t\t\t<\/div>\n\t\t\t\t<\/div>\n\t\t\t\t\t<\/div>\n\t\t\t\t<\/div>\n\t\t\t\t<\/div>\n\t\t\t\t<\/div>\n\t\t","protected":false},"excerpt":{"rendered":"<p>Gizlilik Politikas\u0131 Bu gizlilik politikas\u0131nda, web sitemizle ba\u011flant\u0131l\u0131 olarak ki\u015fisel verileri nas\u0131l toplad\u0131\u011f\u0131m\u0131z\u0131 ve i\u015fledi\u011fimizi a\u00e7\u0131kl\u0131yoruz. Ki\u015fisel veriler, kimli\u011fi belirli veya belirlenebilir bir ki\u015fiye ili\u015fkin t\u00fcm bilgilerdir. Bu web sitesinin sorumlusuNoushin MansourianLimmattalstrasse 1678049 Z\u00fcrih E-posta adresi: n.mansourian@hin.ch Web sitesinin teknik olarak ger\u00e7ekle\u015ftirilmesi:Sam Krieg Ki\u015fisel verilerinizin toplanmas\u0131 ve i\u015flenmesiKi\u015fisel verileri \u00e7e\u015fitli \u015fekillerde topluyoruz. Bu, sorular\u0131n\u0131z\u0131 ve [&hellip;]<\/p>\n","protected":false},"author":1,"featured_media":0,"parent":0,"menu_order":99,"comment_status":"closed","ping_status":"closed","template":"","meta":{"_seopress_robots_primary_cat":"","_seopress_titles_title":"","_seopress_titles_desc":"","_seopress_robots_index":"","footnotes":""},"class_list":["post-29768","page","type-page","status-publish","hentry"],"_links":{"self":[{"href":"https:\/\/rheumahoengg.ch\/tr\/wp-json\/wp\/v2\/pages\/29768","targetHints":{"allow":["GET"]}}],"collection":[{"href":"https:\/\/rheumahoengg.ch\/tr\/wp-json\/wp\/v2\/pages"}],"about":[{"href":"https:\/\/rheumahoengg.ch\/tr\/wp-json\/wp\/v2\/types\/page"}],"author":[{"embeddable":true,"href":"https:\/\/rheumahoengg.ch\/tr\/wp-json\/wp\/v2\/users\/1"}],"replies":[{"embeddable":true,"href":"https:\/\/rheumahoengg.ch\/tr\/wp-json\/wp\/v2\/comments?post=29768"}],"version-history":[{"count":1,"href":"https:\/\/rheumahoengg.ch\/tr\/wp-json\/wp\/v2\/pages\/29768\/revisions"}],"predecessor-version":[{"id":29769,"href":"https:\/\/rheumahoengg.ch\/tr\/wp-json\/wp\/v2\/pages\/29768\/revisions\/29769"}],"wp:attachment":[{"href":"https:\/\/rheumahoengg.ch\/tr\/wp-json\/wp\/v2\/media?parent=29768"}],"curies":[{"name":"wp","href":"https:\/\/api.w.org\/{rel}","templated":true}]}}